{"id":406,"date":"2019-11-19T12:16:27","date_gmt":"2019-11-19T11:16:27","guid":{"rendered":"https:\/\/www.vcvh.be\/?page_id=406"},"modified":"2026-03-18T20:39:54","modified_gmt":"2026-03-18T19:39:54","slug":"offres-demploi","status":"publish","type":"page","link":"https:\/\/www.vcvh.be\/fr\/offres-demploi\/","title":{"rendered":"Offres d&#8217;emploi"},"content":{"rendered":"<div id=\"pl-gb406-69f7422b45a73\"  class=\"panel-layout\" ><div id=\"pg-gb406-69f7422b45a73-0\"  class=\"panel-grid panel-has-style\"  data-style=\"{&quot;class&quot;:&quot;bannerpage&quot;,&quot;background_image_attachment&quot;:false,&quot;background_display&quot;:&quot;tile&quot;,&quot;full_height&quot;:&quot;&quot;,&quot;row_stretch&quot;:&quot;full-width-stretch&quot;,&quot;cell_alignment&quot;:&quot;flex-start&quot;}\" ><div class=\"bannerpage siteorigin-panels-stretch panel-row-style panel-row-style-for-gb406-69f7422b45a73-0\" data-stretch-type=\"full-width-stretch\" ><div id=\"pgc-gb406-69f7422b45a73-0-0\"  class=\"panel-grid-cell\"  data-weight=\"1\" ><div id=\"panel-gb406-69f7422b45a73-0-0-0\" class=\"so-panel widget widget_sow-editor panel-first-child\" data-index=\"0\" data-style=\"{&quot;background_image_attachment&quot;:false,&quot;background_display&quot;:&quot;tile&quot;}\" ><div\n\t\t\t\n\t\t\tclass=\"so-widget-sow-editor so-widget-sow-editor-base\"\n\t\t\t\n\t\t>\n<div class=\"siteorigin-widget-tinymce textwidget\">\n\t<div id=\"metaslider-id-323\" style=\"width: 100%;\" class=\"ml-slider-3-90-1 metaslider metaslider-flex metaslider-323 ml-slider ms-theme-default nav-hidden\" role=\"region\" aria-roledescription=\"Slideshow\" aria-label=\"Vacature\">\n    <div id=\"metaslider_container_323\">\n        <div id=\"metaslider_323\">\n            <ul class='slides'>\n                <li style=\"display: block; width: 100%;\" class=\"slide-324 ms-image \" aria-roledescription=\"slide\" aria-label=\"slide-324\"><img loading=\"lazy\" decoding=\"async\" src=\"https:\/\/www.vcvh.be\/wp-content\/uploads\/2019\/11\/vacature-1554x409.jpg\" height=\"500\" width=\"1900\" alt=\"Vacatures\" class=\"slider-323 slide-324\" \/><\/li>\n            <\/ul>\n        <\/div>\n        \n    <\/div>\n<\/div>\n<\/div>\n<\/div><\/div><div id=\"panel-gb406-69f7422b45a73-0-0-1\" class=\"so-panel widget widget_sow-editor panel-last-child\" data-index=\"1\" data-style=\"{&quot;class&quot;:&quot;overlay&quot;,&quot;background_image_attachment&quot;:false,&quot;background_display&quot;:&quot;tile&quot;,&quot;background_image_size&quot;:&quot;full&quot;,&quot;background_image_opacity&quot;:&quot;100&quot;,&quot;border_thickness&quot;:&quot;1px&quot;}\" ><div class=\"overlay panel-widget-style panel-widget-style-for-gb406-69f7422b45a73-0-0-1\" ><div\n\t\t\t\n\t\t\tclass=\"so-widget-sow-editor so-widget-sow-editor-base\"\n\t\t\t\n\t\t>\n<div class=\"siteorigin-widget-tinymce textwidget\">\n\t<h1 style=\"text-align: center;\">Offres d&#8217;emploi<\/h1>\n<\/div>\n<\/div><\/div><\/div><\/div><\/div><\/div><div id=\"pg-gb406-69f7422b45a73-1\"  class=\"panel-grid panel-has-style\"  data-style=\"{&quot;class&quot;:&quot;rij1_vacature rij1&quot;,&quot;background_image_attachment&quot;:false,&quot;background_display&quot;:&quot;tile&quot;,&quot;full_height&quot;:&quot;&quot;,&quot;cell_alignment&quot;:&quot;flex-start&quot;}\" ><div class=\"rij1_vacature rij1 panel-row-style panel-row-style-for-gb406-69f7422b45a73-1\" ><div id=\"pgc-gb406-69f7422b45a73-1-0\"  class=\"panel-grid-cell\"  data-weight=\"1\" ><div id=\"panel-gb406-69f7422b45a73-1-0-0\" class=\"so-panel widget widget_sow-editor panel-first-child\" data-index=\"2\" data-style=\"{&quot;background_image_attachment&quot;:false,&quot;background_display&quot;:&quot;tile&quot;,&quot;background_image_size&quot;:&quot;full&quot;,&quot;background_image_opacity&quot;:&quot;100&quot;,&quot;border_thickness&quot;:&quot;1px&quot;}\" ><div\n\t\t\t\n\t\t\tclass=\"so-widget-sow-editor so-widget-sow-editor-base\"\n\t\t\t\n\t\t>\n<div class=\"siteorigin-widget-tinymce textwidget\">\n\t<p>Le V.C.V.H. est une \u00e9quipe de professionnels de l\u2019aide psychosociale, qui se tient en permanence \u00e0 disposition pour apporter un soutien psychologique aux salari\u00e9s et salari\u00e9es, aux employeurs et \u00e0 leurs familles. Afin qu&rsquo;ils et elles puissent parler de leurs difficult\u00e9s, se sentent \u00e0 nouveau bien dans leur peau et soient, d\u00e8s lors, plus productifs et positifs au travail. Et ce, dans un environnement s\u00e9curisant qui encourage la connexion, la confiance, la lenteur du rythme et l\u2019\u00e9panouissement, et met l&rsquo;accent sur l&rsquo;humanit\u00e9 et l&rsquo;authenticit\u00e9.<\/p>\n<p>Nous permettons ainsi \u00e0 toutes et tous de b\u00e9n\u00e9ficier d\u2019une aide psychologique de qualit\u00e9.<\/p>\n<p>Nos services couvrent quatre domaines : l&rsquo;accompagnement psychologique de crise suite \u00e0 des \u00e9v\u00e9nements choquants ou traumatisants\u00a0; la psychoth\u00e9rapie\/le coaching pour les probl\u00e8mes li\u00e9s au travail et \u00e0 la vie priv\u00e9e (\u00ab E.A.P.\u00a0\u00bb) tels que le stress, l&rsquo;ins\u00e9curit\u00e9, les probl\u00e8mes relationnels et les conflits\u00a0; l\u2019Employee Assistance Program\u00a0; et les ateliers cibl\u00e9s.<\/p>\n<p>En raison d\u2019une demande croissante, le V.C.V.H. souhaite \u00e9tendre son r\u00e9seau de psychologues. Dans ce cadre, nous recherchons :<\/p>\n<\/div>\n<\/div><\/div><div id=\"panel-gb406-69f7422b45a73-1-0-1\" class=\"so-panel widget widget_sow-editor panel-last-child\" data-index=\"3\" data-style=\"{&quot;widget_css&quot;:&quot;margin-top: 25px;&quot;,&quot;background_image_attachment&quot;:false,&quot;background_display&quot;:&quot;tile&quot;,&quot;background_image_size&quot;:&quot;full&quot;,&quot;background_image_opacity&quot;:&quot;100&quot;,&quot;border_thickness&quot;:&quot;1px&quot;}\" ><div class=\"panel-widget-style panel-widget-style-for-gb406-69f7422b45a73-1-0-1\" ><div\n\t\t\t\n\t\t\tclass=\"so-widget-sow-editor so-widget-sow-editor-base\"\n\t\t\t\n\t\t>\n<div class=\"siteorigin-widget-tinymce textwidget\">\n\t<h3>DES PSYCHOLOGUES IND\u00c9PENDANTS POUR UNE MISSION UNIQUE!<\/h3>\n<p>Reconnu pour son expertise dans la communication de mauvaises nouvelles ainsi que l&rsquo;accompagnement des familles apr\u00e8s des accidents de travail graves, le centre d&rsquo;aide psychosociale V.C.V.H \u00e9tend ses services. Nous lan\u00e7ons un<strong> Employee Assistance Program (EAP)<\/strong>, qui permet aux salari\u00e9s et salari\u00e9s de b\u00e9n\u00e9ficier d&rsquo;un soutien pour des probl\u00e8mes d&rsquo;ordre priv\u00e9.<\/p>\n<p>Nous recherchons des<strong> psychologues motiv\u00e9s et ind\u00e9pendants<\/strong> pour renforcer notre \u00e9quipe.<\/p>\n<p><strong>En quoi consiste la mission?<\/strong><\/p>\n<ul>\n<li>Vous apportez aux collaborateurs et collaboratrices de notre client un soutien psychologique par t\u00e9l\u00e9phone.<\/li>\n<li>Le parcours d\u2019accompagnement consiste en un premier entretien de 50 minutes maximum, avec la possibilit\u00e9 de trois entretiens de suivi (de 50 minutes chacun) maximum.<\/li>\n<li>Apr\u00e8s chaque entretien, vous consignez quelques donn\u00e9es sur une plateforme s\u00e9curis\u00e9e.<\/li>\n<\/ul>\n<p><strong>Pourquoi vous investir dans cette mission ?<\/strong><\/p>\n<ul>\n<li>En aidant des individus \u00e0 surmonter des probl\u00e8mes personnels qui impactent leur travail et leur bien-\u00eatre, vous apportez une aide concr\u00e8te.<\/li>\n<li>Les accompagnements sont de courte dur\u00e9e, faciles \u00e0 planifier ou \u00e0 int\u00e9grer dans votre agenda.<\/li>\n<li>Vous travaillez en toute flexibilit\u00e9, et d\u00e9cidez vous-m\u00eame d\u2019accepter ou non une demande.<\/li>\n<li>Vous b\u00e9n\u00e9ficiez d\u2019une r\u00e9mun\u00e9ration attractive par entretien.<\/li>\n<\/ul>\n<p>Vous \u00eates psychologue sous statut ind\u00e9pendant et poss\u00e9dez une exp\u00e9rience dans l&rsquo;accompagnement t\u00e9l\u00e9phonique ? Vous souhaitez faire partie d&rsquo;une \u00e9quipe professionnelle et engag\u00e9e ? <strong>Rejoignez le V.C.V.H. et contribuez \u00e0 ce service pr\u00e9cieux !<\/strong><\/p>\n<p>Cette mission vous int\u00e9resse\u00a0? Contactez-nous pour plus d&rsquo;informations \u00e0 l&rsquo;adresse <a href=\"mailto:info@vcvh.be\">info@vcvh.be.<\/a><\/p>\n<\/div>\n<\/div><\/div><\/div><\/div><\/div><\/div><\/div>","protected":false},"excerpt":{"rendered":"<p>Offres d&#8217;emploi Le V.C.V.H. est une \u00e9quipe de professionnels de l\u2019aide psychosociale, qui se tient en permanence \u00e0 disposition pour apporter un soutien psychologique aux salari\u00e9s et salari\u00e9es, aux employeurs et \u00e0 leurs familles. Afin qu&rsquo;ils et elles puissent parler de leurs difficult\u00e9s, se sentent \u00e0 nouveau bien dans leur peau et soient, d\u00e8s lors, [&hellip;]<\/p>\n","protected":false},"author":1,"featured_media":0,"parent":0,"menu_order":0,"comment_status":"closed","ping_status":"closed","template":"","meta":{"footnotes":""},"class_list":["post-406","page","type-page","status-publish","hentry"],"yoast_head":"<!-- This site is optimized with the Yoast SEO plugin v23.2 - https:\/\/yoast.com\/wordpress\/plugins\/seo\/ -->\n<title>Offres d&#039;emploi - V.C.V.H.<\/title>\n<meta name=\"robots\" content=\"index, follow, max-snippet:-1, max-image-preview:large, max-video-preview:-1\" \/>\n<link rel=\"canonical\" href=\"https:\/\/www.vcvh.be\/fr\/offres-demploi\/\" \/>\n<meta property=\"og:locale\" content=\"fr_FR\" \/>\n<meta property=\"og:type\" content=\"article\" \/>\n<meta property=\"og:title\" content=\"Offres d&#039;emploi - V.C.V.H.\" \/>\n<meta property=\"og:description\" content=\"Offres d&#039;emploi Le V.C.V.H. est une \u00e9quipe de professionnels de l\u2019aide psychosociale, qui se tient en permanence \u00e0 disposition pour apporter un soutien psychologique aux salari\u00e9s et salari\u00e9es, aux employeurs et \u00e0 leurs familles. Afin qu&#039;ils et elles puissent parler de leurs difficult\u00e9s, se sentent \u00e0 nouveau bien dans leur peau et soient, d\u00e8s lors, [&hellip;]\" \/>\n<meta property=\"og:url\" content=\"https:\/\/www.vcvh.be\/fr\/offres-demploi\/\" \/>\n<meta property=\"og:site_name\" content=\"V.C.V.H.\" \/>\n<meta property=\"article:modified_time\" content=\"2026-03-18T19:39:54+00:00\" \/>\n<meta name=\"twitter:card\" content=\"summary_large_image\" \/>\n<meta name=\"twitter:label1\" content=\"Dur\u00e9e de lecture estim\u00e9e\" \/>\n\t<meta name=\"twitter:data1\" content=\"3 minutes\" \/>\n<script type=\"application\/ld+json\" class=\"yoast-schema-graph\">{\"@context\":\"https:\/\/schema.org\",\"@graph\":[{\"@type\":\"WebPage\",\"@id\":\"https:\/\/www.vcvh.be\/fr\/offres-demploi\/\",\"url\":\"https:\/\/www.vcvh.be\/fr\/offres-demploi\/\",\"name\":\"Offres d'emploi - V.C.V.H.\",\"isPartOf\":{\"@id\":\"https:\/\/www.vcvh.be\/fr\/#website\"},\"datePublished\":\"2019-11-19T11:16:27+00:00\",\"dateModified\":\"2026-03-18T19:39:54+00:00\",\"breadcrumb\":{\"@id\":\"https:\/\/www.vcvh.be\/fr\/offres-demploi\/#breadcrumb\"},\"inLanguage\":\"fr-FR\",\"potentialAction\":[{\"@type\":\"ReadAction\",\"target\":[\"https:\/\/www.vcvh.be\/fr\/offres-demploi\/\"]}]},{\"@type\":\"BreadcrumbList\",\"@id\":\"https:\/\/www.vcvh.be\/fr\/offres-demploi\/#breadcrumb\",\"itemListElement\":[{\"@type\":\"ListItem\",\"position\":1,\"name\":\"Home\",\"item\":\"https:\/\/www.vcvh.be\/fr\/\"},{\"@type\":\"ListItem\",\"position\":2,\"name\":\"Offres d&#8217;emploi\"}]},{\"@type\":\"WebSite\",\"@id\":\"https:\/\/www.vcvh.be\/fr\/#website\",\"url\":\"https:\/\/www.vcvh.be\/fr\/\",\"name\":\"V.C.V.H.\",\"description\":\"\",\"potentialAction\":[{\"@type\":\"SearchAction\",\"target\":{\"@type\":\"EntryPoint\",\"urlTemplate\":\"https:\/\/www.vcvh.be\/fr\/?s={search_term_string}\"},\"query-input\":\"required name=search_term_string\"}],\"inLanguage\":\"fr-FR\"}]}<\/script>\n<!-- \/ Yoast SEO plugin. -->","yoast_head_json":{"title":"Offres d'emploi - V.C.V.H.","robots":{"index":"index","follow":"follow","max-snippet":"max-snippet:-1","max-image-preview":"max-image-preview:large","max-video-preview":"max-video-preview:-1"},"canonical":"https:\/\/www.vcvh.be\/fr\/offres-demploi\/","og_locale":"fr_FR","og_type":"article","og_title":"Offres d'emploi - V.C.V.H.","og_description":"Offres d'emploi Le V.C.V.H. est une \u00e9quipe de professionnels de l\u2019aide psychosociale, qui se tient en permanence \u00e0 disposition pour apporter un soutien psychologique aux salari\u00e9s et salari\u00e9es, aux employeurs et \u00e0 leurs familles. Afin qu'ils et elles puissent parler de leurs difficult\u00e9s, se sentent \u00e0 nouveau bien dans leur peau et soient, d\u00e8s lors, [&hellip;]","og_url":"https:\/\/www.vcvh.be\/fr\/offres-demploi\/","og_site_name":"V.C.V.H.","article_modified_time":"2026-03-18T19:39:54+00:00","twitter_card":"summary_large_image","twitter_misc":{"Dur\u00e9e de lecture estim\u00e9e":"3 minutes"},"schema":{"@context":"https:\/\/schema.org","@graph":[{"@type":"WebPage","@id":"https:\/\/www.vcvh.be\/fr\/offres-demploi\/","url":"https:\/\/www.vcvh.be\/fr\/offres-demploi\/","name":"Offres d'emploi - V.C.V.H.","isPartOf":{"@id":"https:\/\/www.vcvh.be\/fr\/#website"},"datePublished":"2019-11-19T11:16:27+00:00","dateModified":"2026-03-18T19:39:54+00:00","breadcrumb":{"@id":"https:\/\/www.vcvh.be\/fr\/offres-demploi\/#breadcrumb"},"inLanguage":"fr-FR","potentialAction":[{"@type":"ReadAction","target":["https:\/\/www.vcvh.be\/fr\/offres-demploi\/"]}]},{"@type":"BreadcrumbList","@id":"https:\/\/www.vcvh.be\/fr\/offres-demploi\/#breadcrumb","itemListElement":[{"@type":"ListItem","position":1,"name":"Home","item":"https:\/\/www.vcvh.be\/fr\/"},{"@type":"ListItem","position":2,"name":"Offres d&#8217;emploi"}]},{"@type":"WebSite","@id":"https:\/\/www.vcvh.be\/fr\/#website","url":"https:\/\/www.vcvh.be\/fr\/","name":"V.C.V.H.","description":"","potentialAction":[{"@type":"SearchAction","target":{"@type":"EntryPoint","urlTemplate":"https:\/\/www.vcvh.be\/fr\/?s={search_term_string}"},"query-input":"required name=search_term_string"}],"inLanguage":"fr-FR"}]}},"_links":{"self":[{"href":"https:\/\/www.vcvh.be\/fr\/wp-json\/wp\/v2\/pages\/406"}],"collection":[{"href":"https:\/\/www.vcvh.be\/fr\/wp-json\/wp\/v2\/pages"}],"about":[{"href":"https:\/\/www.vcvh.be\/fr\/wp-json\/wp\/v2\/types\/page"}],"author":[{"embeddable":true,"href":"https:\/\/www.vcvh.be\/fr\/wp-json\/wp\/v2\/users\/1"}],"replies":[{"embeddable":true,"href":"https:\/\/www.vcvh.be\/fr\/wp-json\/wp\/v2\/comments?post=406"}],"version-history":[{"count":2,"href":"https:\/\/www.vcvh.be\/fr\/wp-json\/wp\/v2\/pages\/406\/revisions"}],"predecessor-version":[{"id":434,"href":"https:\/\/www.vcvh.be\/fr\/wp-json\/wp\/v2\/pages\/406\/revisions\/434"}],"wp:attachment":[{"href":"https:\/\/www.vcvh.be\/fr\/wp-json\/wp\/v2\/media?parent=406"}],"curies":[{"name":"wp","href":"https:\/\/api.w.org\/{rel}","templated":true}]}}