{"id":404,"date":"2019-04-08T14:04:02","date_gmt":"2019-04-08T13:04:02","guid":{"rendered":"https:\/\/www.vcvh.be\/?page_id=404"},"modified":"2026-03-18T20:37:26","modified_gmt":"2026-03-18T19:37:26","slug":"ateliers","status":"publish","type":"page","link":"https:\/\/www.vcvh.be\/fr\/nos-services\/ateliers\/","title":{"rendered":"Ateliers"},"content":{"rendered":"<div id=\"pl-gb404-69f7442abb6e3\"  class=\"panel-layout\" ><div id=\"pg-gb404-69f7442abb6e3-0\"  class=\"panel-grid panel-has-style\"  data-style=\"{&quot;class&quot;:&quot;bannerpage&quot;,&quot;background_image_attachment&quot;:false,&quot;background_display&quot;:&quot;tile&quot;,&quot;full_height&quot;:&quot;&quot;,&quot;row_stretch&quot;:&quot;full-width-stretch&quot;,&quot;cell_alignment&quot;:&quot;flex-start&quot;}\" ><div class=\"bannerpage siteorigin-panels-stretch panel-row-style panel-row-style-for-gb404-69f7442abb6e3-0\" data-stretch-type=\"full-width-stretch\" ><div id=\"pgc-gb404-69f7442abb6e3-0-0\"  class=\"panel-grid-cell\"  data-weight=\"1\" ><div id=\"panel-gb404-69f7442abb6e3-0-0-0\" class=\"so-panel widget widget_sow-editor panel-first-child\" data-index=\"0\" data-style=\"{&quot;background_image_attachment&quot;:false,&quot;background_display&quot;:&quot;tile&quot;}\" ><div\n\t\t\t\n\t\t\tclass=\"so-widget-sow-editor so-widget-sow-editor-base\"\n\t\t\t\n\t\t>\n<div class=\"siteorigin-widget-tinymce textwidget\">\n\t<div id=\"metaslider-id-140\" style=\"width: 100%;\" class=\"ml-slider-3-90-1 metaslider metaslider-flex metaslider-140 ml-slider ms-theme-default nav-hidden\" role=\"region\" aria-roledescription=\"Slideshow\" aria-label=\"Workshop\">\n    <div id=\"metaslider_container_140\">\n        <div id=\"metaslider_140\">\n            <ul class='slides'>\n                <li style=\"display: block; width: 100%;\" class=\"slide-145 ms-image \" aria-roledescription=\"slide\" aria-label=\"slide-145\"><img loading=\"lazy\" decoding=\"async\" src=\"https:\/\/www.vcvh.be\/wp-content\/uploads\/2016\/06\/workshop-vcvh-1900x500.jpg\" height=\"500\" width=\"1900\" alt=\"\" class=\"slider-140 slide-145\" title=\"workshop-vcvh\" \/><\/li>\n            <\/ul>\n        <\/div>\n        \n    <\/div>\n<\/div>\n<\/div>\n<\/div><\/div><div id=\"panel-gb404-69f7442abb6e3-0-0-1\" class=\"so-panel widget widget_sow-editor panel-last-child\" data-index=\"1\" data-style=\"{&quot;class&quot;:&quot;overlay&quot;,&quot;background_image_attachment&quot;:false,&quot;background_display&quot;:&quot;tile&quot;,&quot;background_image_size&quot;:&quot;full&quot;,&quot;background_image_opacity&quot;:&quot;100&quot;,&quot;border_thickness&quot;:&quot;1px&quot;}\" ><div class=\"overlay panel-widget-style panel-widget-style-for-gb404-69f7442abb6e3-0-0-1\" ><div\n\t\t\t\n\t\t\tclass=\"so-widget-sow-editor so-widget-sow-editor-base\"\n\t\t\t\n\t\t>\n<div class=\"siteorigin-widget-tinymce textwidget\">\n\t<h1 style=\"text-align: center;\">Des ateliers adapt\u00e9s au public et<br \/>\naux besoins de votre organisation<\/h1>\n<\/div>\n<\/div><\/div><\/div><\/div><\/div><\/div><div id=\"pg-gb404-69f7442abb6e3-1\"  class=\"panel-grid panel-has-style\"  data-style=\"{&quot;class&quot;:&quot;rij1_dienst rij1&quot;,&quot;background_image_attachment&quot;:false,&quot;background_display&quot;:&quot;tile&quot;,&quot;full_height&quot;:&quot;&quot;,&quot;cell_alignment&quot;:&quot;flex-start&quot;}\" ><div class=\"rij1_dienst rij1 panel-row-style panel-row-style-for-gb404-69f7442abb6e3-1\" ><div id=\"pgc-gb404-69f7442abb6e3-1-0\"  class=\"panel-grid-cell\"  data-weight=\"0.4\" ><div id=\"panel-gb404-69f7442abb6e3-1-0-0\" class=\"so-panel widget widget_sow-editor panel-first-child panel-last-child\" data-index=\"2\" data-style=\"{&quot;background_image_attachment&quot;:false,&quot;background_display&quot;:&quot;tile&quot;,&quot;background_image_size&quot;:&quot;full&quot;,&quot;background_image_opacity&quot;:&quot;100&quot;,&quot;border_thickness&quot;:&quot;1px&quot;}\" ><div\n\t\t\t\n\t\t\tclass=\"so-widget-sow-editor so-widget-sow-editor-base\"\n\t\t\t\n\t\t>\n<div class=\"siteorigin-widget-tinymce textwidget\">\n\t<h2>Ateliers<\/h2>\n<\/div>\n<\/div><\/div><\/div><div id=\"pgc-gb404-69f7442abb6e3-1-1\"  class=\"panel-grid-cell\"  data-weight=\"0.6\" ><div id=\"panel-gb404-69f7442abb6e3-1-1-0\" class=\"so-panel widget widget_sow-editor panel-first-child panel-last-child\" data-index=\"3\" data-style=\"{&quot;background_image_attachment&quot;:false,&quot;background_display&quot;:&quot;tile&quot;,&quot;background_image_size&quot;:&quot;full&quot;,&quot;background_image_opacity&quot;:&quot;100&quot;,&quot;border_thickness&quot;:&quot;1px&quot;}\" ><div\n\t\t\t\n\t\t\tclass=\"so-widget-sow-editor so-widget-sow-editor-base\"\n\t\t\t\n\t\t>\n<div class=\"siteorigin-widget-tinymce textwidget\">\n\t<p>Dans nos ateliers, nous nous effor\u00e7ons d&rsquo;offrir aux participants et participantes non seulement un cadre th\u00e9orique, mais aussi des outils accessibles pour une mise en pratique imm\u00e9diate.<\/p>\n<p>Dans les ateliers d\u00e9velopp\u00e9s pour vous sur mesure, nous mettons en \u00e9vidence les sp\u00e9cificit\u00e9s que vous nous fournissez.<\/p>\n<\/div>\n<\/div><\/div><\/div><\/div><\/div><div id=\"pg-gb404-69f7442abb6e3-2\"  class=\"panel-grid panel-has-style\"  data-style=\"{&quot;class&quot;:&quot;rij1_events rij1 rij2_home&quot;,&quot;background&quot;:&quot;#19a189&quot;,&quot;background_image_attachment&quot;:false,&quot;background_display&quot;:&quot;tile&quot;,&quot;full_height&quot;:&quot;&quot;,&quot;row_stretch&quot;:&quot;full&quot;,&quot;cell_alignment&quot;:&quot;flex-start&quot;}\" ><div class=\"rij1_events rij1 rij2_home siteorigin-panels-stretch panel-row-style panel-row-style-for-gb404-69f7442abb6e3-2\" data-stretch-type=\"full\" ><div id=\"pgc-gb404-69f7442abb6e3-2-0\"  class=\"panel-grid-cell\"  data-style=\"{&quot;background_image_attachment&quot;:false,&quot;background_display&quot;:&quot;tile&quot;,&quot;vertical_alignment&quot;:&quot;auto&quot;}\"  data-weight=\"0.5\" ><div id=\"panel-gb404-69f7442abb6e3-2-0-0\" class=\"so-panel widget widget_sow-editor panel-first-child\" data-index=\"4\" data-style=\"{&quot;class&quot;:&quot;omschrijving&quot;,&quot;background_image_attachment&quot;:false,&quot;background_display&quot;:&quot;tile&quot;,&quot;background_image_size&quot;:&quot;full&quot;,&quot;background_image_opacity&quot;:&quot;100&quot;,&quot;border_thickness&quot;:&quot;1px&quot;}\" ><div class=\"omschrijving panel-widget-style panel-widget-style-for-gb404-69f7442abb6e3-2-0-0\" ><div\n\t\t\t\n\t\t\tclass=\"so-widget-sow-editor so-widget-sow-editor-base\"\n\t\t\t\n\t\t>\n<div class=\"siteorigin-widget-tinymce textwidget\">\n\t<h3>R\u00e9silience<\/h3>\n<p>La r\u00e9silience est la capacit\u00e9 \u00e0 se relever apr\u00e8s avoir subi diverses formes de stress ou des revers importants.<br \/>\nCet atelier vous propose des outils et conseils, pour renforcer la r\u00e9silience et d\u00e9velopper vos r\u00e9serves mentales.<\/p>\n<\/div>\n<\/div><\/div><\/div><div id=\"panel-gb404-69f7442abb6e3-2-0-1\" class=\"so-panel widget widget_sow-editor panel-last-child\" data-index=\"5\" data-style=\"{&quot;class&quot;:&quot;omschrijving&quot;,&quot;background_image_attachment&quot;:false,&quot;background_display&quot;:&quot;tile&quot;,&quot;background_image_size&quot;:&quot;full&quot;,&quot;background_image_opacity&quot;:&quot;100&quot;,&quot;border_thickness&quot;:&quot;1px&quot;}\" ><div class=\"omschrijving panel-widget-style panel-widget-style-for-gb404-69f7442abb6e3-2-0-1\" ><div\n\t\t\t\n\t\t\tclass=\"so-widget-sow-editor so-widget-sow-editor-base\"\n\t\t\t\n\t\t>\n<div class=\"siteorigin-widget-tinymce textwidget\">\n\t<h3>Premiers secours psychosociaux<\/h3>\n<p>Premi\u00e8re aide psychosociale en cas d&rsquo;accident du travail grave<\/p>\n<p>L&rsquo;aide psychosociale apport\u00e9e dans les premiers instants qui suivent un accident joue un r\u00f4le crucial dans le processus \u00e9motionnel \u00e0 venir.<\/p>\n<p>Cet atelier aborde le concept et l&rsquo;importance de l&rsquo;aide psychosociale. Il vous fournit \u00e9galement les cl\u00e9s pour prodiguer efficacement cette aide de premi\u00e8re ligne et permet une mise en pratique imm\u00e9diate. <\/p>\n<\/div>\n<\/div><\/div><\/div><\/div><div id=\"pgc-gb404-69f7442abb6e3-2-1\"  class=\"panel-grid-cell\"  data-weight=\"0.5\" ><div id=\"panel-gb404-69f7442abb6e3-2-1-0\" class=\"so-panel widget widget_sow-editor panel-first-child\" data-index=\"6\" data-style=\"{&quot;class&quot;:&quot;omschrijving&quot;,&quot;background_image_attachment&quot;:false,&quot;background_display&quot;:&quot;tile&quot;,&quot;background_image_size&quot;:&quot;full&quot;,&quot;background_image_opacity&quot;:&quot;100&quot;,&quot;border_thickness&quot;:&quot;1px&quot;}\" ><div class=\"omschrijving panel-widget-style panel-widget-style-for-gb404-69f7442abb6e3-2-1-0\" ><div\n\t\t\t\n\t\t\tclass=\"so-widget-sow-editor so-widget-sow-editor-base\"\n\t\t\t\n\t\t>\n<div class=\"siteorigin-widget-tinymce textwidget\">\n\t<h3>\u00c9quilibre vie professionnelle-vie priv\u00e9e<\/h3>\n<p>Nombre d\u2019entre nous aspirent \u00e0 un meilleur \u00e9quilibre entre vie professionnelle et vie priv\u00e9e\u2026 Mais il n\u2019y a, semble-t-il, pas assez d&rsquo;heures dans une journ\u00e9e pour assumer toutes nos responsabilit\u00e9s.<br \/>\nCet atelier approfondit le concept d&rsquo;\u00e9quilibre vie professionnelle-vie priv\u00e9e et ses enjeux. Nous vous proposons des outils et techniques pour g\u00e9rer plus efficacement ces deux facettes de votre quotidien. Avec pour r\u00e9sultats une productivit\u00e9 et un engagement renforc\u00e9s, dans tous les aspects de votre vie.<\/p>\n<\/div>\n<\/div><\/div><\/div><div id=\"panel-gb404-69f7442abb6e3-2-1-1\" class=\"so-panel widget widget_sow-editor panel-last-child\" data-index=\"7\" data-style=\"{&quot;class&quot;:&quot;omschrijving&quot;,&quot;background_image_attachment&quot;:false,&quot;background_display&quot;:&quot;tile&quot;,&quot;background_image_size&quot;:&quot;full&quot;,&quot;background_image_opacity&quot;:&quot;100&quot;,&quot;border_thickness&quot;:&quot;1px&quot;}\" ><div class=\"omschrijving panel-widget-style panel-widget-style-for-gb404-69f7442abb6e3-2-1-1\" ><div\n\t\t\t\n\t\t\tclass=\"so-widget-sow-editor so-widget-sow-editor-base\"\n\t\t\t\n\t\t>\n<div class=\"siteorigin-widget-tinymce textwidget\">\n\t<h3>G\u00e9rer l&rsquo;agressivit\u00e9<\/h3>\n<p>Cet atelier s&rsquo;adresse \u00e0 celles et ceux qui sont r\u00e9guli\u00e8rement confront\u00e9s \u00e0 des situations d&rsquo;agressivit\u00e9 dans leur environnement professionnel. Il apporte les connaissances et outils n\u00e9cessaires pour reconna\u00eetre un comportement agressif et y r\u00e9agir de mani\u00e8re appropri\u00e9e.<\/p>\n<\/div>\n<\/div><\/div><\/div><\/div><\/div><\/div><div id=\"pg-gb404-69f7442abb6e3-3\"  class=\"panel-grid panel-has-style\"  data-style=\"{&quot;class&quot;:&quot;rij1_events rij1&quot;,&quot;row_css&quot;:&quot;padding-top: 0;\\ndisplay: none;&quot;,&quot;background_image_attachment&quot;:false,&quot;background_display&quot;:&quot;tile&quot;,&quot;full_height&quot;:&quot;&quot;,&quot;cell_alignment&quot;:&quot;flex-start&quot;}\" ><div class=\"rij1_events rij1 panel-row-style panel-row-style-for-gb404-69f7442abb6e3-3\" ><div id=\"pgc-gb404-69f7442abb6e3-3-0\"  class=\"panel-grid-cell\"  data-style=\"{&quot;background_image_attachment&quot;:false,&quot;background_display&quot;:&quot;tile&quot;,&quot;vertical_alignment&quot;:&quot;auto&quot;}\"  data-weight=\"1\" ><div id=\"panel-gb404-69f7442abb6e3-3-0-0\" class=\"so-panel widget widget_siteorigin-panels-postloop panel-first-child\" data-index=\"8\" data-style=\"{&quot;background_image_attachment&quot;:false,&quot;background_display&quot;:&quot;tile&quot;}\" >\r\n<\/div><div id=\"panel-gb404-69f7442abb6e3-3-0-1\" class=\"so-panel widget widget_sow-editor panel-last-child\" data-index=\"9\" data-style=\"{&quot;class&quot;:&quot;knop&quot;,&quot;background_image_attachment&quot;:false,&quot;background_display&quot;:&quot;tile&quot;}\" ><div class=\"knop panel-widget-style panel-widget-style-for-gb404-69f7442abb6e3-3-0-1\" ><div\n\t\t\t\n\t\t\tclass=\"so-widget-sow-editor so-widget-sow-editor-base\"\n\t\t\t\n\t\t>\n<div class=\"siteorigin-widget-tinymce textwidget\">\n\t<p style=\"text-align: center;\"><a href=\"https:\/\/www.vcvh.be\/archief-workshops\/\">Bekijk archief workshops<\/a><\/p>\n<\/div>\n<\/div><\/div><\/div><\/div><\/div><\/div><\/div>","protected":false},"excerpt":{"rendered":"<p>Des ateliers adapt\u00e9s au public et aux besoins de votre organisation Ateliers Dans nos ateliers, nous nous effor\u00e7ons d&rsquo;offrir aux participants et participantes non seulement un cadre th\u00e9orique, mais aussi des outils accessibles pour une mise en pratique imm\u00e9diate. Dans les ateliers d\u00e9velopp\u00e9s pour vous sur mesure, nous mettons en \u00e9vidence les sp\u00e9cificit\u00e9s que vous [&hellip;]<\/p>\n","protected":false},"author":1,"featured_media":0,"parent":396,"menu_order":0,"comment_status":"closed","ping_status":"closed","template":"","meta":{"footnotes":""},"class_list":["post-404","page","type-page","status-publish","hentry"],"yoast_head":"<!-- This site is optimized with the Yoast SEO plugin v23.2 - https:\/\/yoast.com\/wordpress\/plugins\/seo\/ -->\n<title>Ateliers - V.C.V.H.<\/title>\n<meta name=\"robots\" content=\"index, follow, max-snippet:-1, max-image-preview:large, max-video-preview:-1\" \/>\n<link rel=\"canonical\" href=\"https:\/\/www.vcvh.be\/fr\/nos-services\/ateliers\/\" \/>\n<meta property=\"og:locale\" content=\"fr_FR\" \/>\n<meta property=\"og:type\" content=\"article\" \/>\n<meta property=\"og:title\" content=\"Ateliers - V.C.V.H.\" \/>\n<meta property=\"og:description\" content=\"Des ateliers adapt\u00e9s au public et aux besoins de votre organisation Ateliers Dans nos ateliers, nous nous effor\u00e7ons d&#039;offrir aux participants et participantes non seulement un cadre th\u00e9orique, mais aussi des outils accessibles pour une mise en pratique imm\u00e9diate. Dans les ateliers d\u00e9velopp\u00e9s pour vous sur mesure, nous mettons en \u00e9vidence les sp\u00e9cificit\u00e9s que vous [&hellip;]\" \/>\n<meta property=\"og:url\" content=\"https:\/\/www.vcvh.be\/fr\/nos-services\/ateliers\/\" \/>\n<meta property=\"og:site_name\" content=\"V.C.V.H.\" \/>\n<meta property=\"article:modified_time\" content=\"2026-03-18T19:37:26+00:00\" \/>\n<meta name=\"twitter:card\" content=\"summary_large_image\" \/>\n<meta name=\"twitter:label1\" content=\"Dur\u00e9e de lecture estim\u00e9e\" \/>\n\t<meta name=\"twitter:data1\" content=\"2 minutes\" \/>\n<script type=\"application\/ld+json\" class=\"yoast-schema-graph\">{\"@context\":\"https:\/\/schema.org\",\"@graph\":[{\"@type\":\"WebPage\",\"@id\":\"https:\/\/www.vcvh.be\/fr\/nos-services\/ateliers\/\",\"url\":\"https:\/\/www.vcvh.be\/fr\/nos-services\/ateliers\/\",\"name\":\"Ateliers - V.C.V.H.\",\"isPartOf\":{\"@id\":\"https:\/\/www.vcvh.be\/fr\/#website\"},\"datePublished\":\"2019-04-08T13:04:02+00:00\",\"dateModified\":\"2026-03-18T19:37:26+00:00\",\"breadcrumb\":{\"@id\":\"https:\/\/www.vcvh.be\/fr\/nos-services\/ateliers\/#breadcrumb\"},\"inLanguage\":\"fr-FR\",\"potentialAction\":[{\"@type\":\"ReadAction\",\"target\":[\"https:\/\/www.vcvh.be\/fr\/nos-services\/ateliers\/\"]}]},{\"@type\":\"BreadcrumbList\",\"@id\":\"https:\/\/www.vcvh.be\/fr\/nos-services\/ateliers\/#breadcrumb\",\"itemListElement\":[{\"@type\":\"ListItem\",\"position\":1,\"name\":\"Home\",\"item\":\"https:\/\/www.vcvh.be\/fr\/\"},{\"@type\":\"ListItem\",\"position\":2,\"name\":\"Nos services\",\"item\":\"https:\/\/www.vcvh.be\/fr\/nos-services\/\"},{\"@type\":\"ListItem\",\"position\":3,\"name\":\"Ateliers\"}]},{\"@type\":\"WebSite\",\"@id\":\"https:\/\/www.vcvh.be\/fr\/#website\",\"url\":\"https:\/\/www.vcvh.be\/fr\/\",\"name\":\"V.C.V.H.\",\"description\":\"\",\"potentialAction\":[{\"@type\":\"SearchAction\",\"target\":{\"@type\":\"EntryPoint\",\"urlTemplate\":\"https:\/\/www.vcvh.be\/fr\/?s={search_term_string}\"},\"query-input\":\"required name=search_term_string\"}],\"inLanguage\":\"fr-FR\"}]}<\/script>\n<!-- \/ Yoast SEO plugin. -->","yoast_head_json":{"title":"Ateliers - V.C.V.H.","robots":{"index":"index","follow":"follow","max-snippet":"max-snippet:-1","max-image-preview":"max-image-preview:large","max-video-preview":"max-video-preview:-1"},"canonical":"https:\/\/www.vcvh.be\/fr\/nos-services\/ateliers\/","og_locale":"fr_FR","og_type":"article","og_title":"Ateliers - V.C.V.H.","og_description":"Des ateliers adapt\u00e9s au public et aux besoins de votre organisation Ateliers Dans nos ateliers, nous nous effor\u00e7ons d'offrir aux participants et participantes non seulement un cadre th\u00e9orique, mais aussi des outils accessibles pour une mise en pratique imm\u00e9diate. Dans les ateliers d\u00e9velopp\u00e9s pour vous sur mesure, nous mettons en \u00e9vidence les sp\u00e9cificit\u00e9s que vous [&hellip;]","og_url":"https:\/\/www.vcvh.be\/fr\/nos-services\/ateliers\/","og_site_name":"V.C.V.H.","article_modified_time":"2026-03-18T19:37:26+00:00","twitter_card":"summary_large_image","twitter_misc":{"Dur\u00e9e de lecture estim\u00e9e":"2 minutes"},"schema":{"@context":"https:\/\/schema.org","@graph":[{"@type":"WebPage","@id":"https:\/\/www.vcvh.be\/fr\/nos-services\/ateliers\/","url":"https:\/\/www.vcvh.be\/fr\/nos-services\/ateliers\/","name":"Ateliers - V.C.V.H.","isPartOf":{"@id":"https:\/\/www.vcvh.be\/fr\/#website"},"datePublished":"2019-04-08T13:04:02+00:00","dateModified":"2026-03-18T19:37:26+00:00","breadcrumb":{"@id":"https:\/\/www.vcvh.be\/fr\/nos-services\/ateliers\/#breadcrumb"},"inLanguage":"fr-FR","potentialAction":[{"@type":"ReadAction","target":["https:\/\/www.vcvh.be\/fr\/nos-services\/ateliers\/"]}]},{"@type":"BreadcrumbList","@id":"https:\/\/www.vcvh.be\/fr\/nos-services\/ateliers\/#breadcrumb","itemListElement":[{"@type":"ListItem","position":1,"name":"Home","item":"https:\/\/www.vcvh.be\/fr\/"},{"@type":"ListItem","position":2,"name":"Nos services","item":"https:\/\/www.vcvh.be\/fr\/nos-services\/"},{"@type":"ListItem","position":3,"name":"Ateliers"}]},{"@type":"WebSite","@id":"https:\/\/www.vcvh.be\/fr\/#website","url":"https:\/\/www.vcvh.be\/fr\/","name":"V.C.V.H.","description":"","potentialAction":[{"@type":"SearchAction","target":{"@type":"EntryPoint","urlTemplate":"https:\/\/www.vcvh.be\/fr\/?s={search_term_string}"},"query-input":"required name=search_term_string"}],"inLanguage":"fr-FR"}]}},"_links":{"self":[{"href":"https:\/\/www.vcvh.be\/fr\/wp-json\/wp\/v2\/pages\/404"}],"collection":[{"href":"https:\/\/www.vcvh.be\/fr\/wp-json\/wp\/v2\/pages"}],"about":[{"href":"https:\/\/www.vcvh.be\/fr\/wp-json\/wp\/v2\/types\/page"}],"author":[{"embeddable":true,"href":"https:\/\/www.vcvh.be\/fr\/wp-json\/wp\/v2\/users\/1"}],"replies":[{"embeddable":true,"href":"https:\/\/www.vcvh.be\/fr\/wp-json\/wp\/v2\/comments?post=404"}],"version-history":[{"count":2,"href":"https:\/\/www.vcvh.be\/fr\/wp-json\/wp\/v2\/pages\/404\/revisions"}],"predecessor-version":[{"id":432,"href":"https:\/\/www.vcvh.be\/fr\/wp-json\/wp\/v2\/pages\/404\/revisions\/432"}],"up":[{"embeddable":true,"href":"https:\/\/www.vcvh.be\/fr\/wp-json\/wp\/v2\/pages\/396"}],"wp:attachment":[{"href":"https:\/\/www.vcvh.be\/fr\/wp-json\/wp\/v2\/media?parent=404"}],"curies":[{"name":"wp","href":"https:\/\/api.w.org\/{rel}","templated":true}]}}