{"id":402,"date":"2024-12-18T09:34:43","date_gmt":"2024-12-18T08:34:43","guid":{"rendered":"https:\/\/www.vcvh.be\/?page_id=402"},"modified":"2026-03-18T20:35:21","modified_gmt":"2026-03-18T19:35:21","slug":"employee-assistance-program-eap","status":"publish","type":"page","link":"https:\/\/www.vcvh.be\/fr\/nos-services\/employee-assistance-program-eap\/","title":{"rendered":"Employee Assistance Program (EAP)"},"content":{"rendered":"<div id=\"pl-gb402-69f74223027ec\"  class=\"panel-layout\" ><div id=\"pg-gb402-69f74223027ec-0\"  class=\"panel-grid panel-has-style\"  data-style=\"{&quot;class&quot;:&quot;bannerpage&quot;,&quot;background_image_attachment&quot;:false,&quot;background_display&quot;:&quot;tile&quot;,&quot;full_height&quot;:&quot;&quot;,&quot;row_stretch&quot;:&quot;full-width-stretch&quot;,&quot;cell_alignment&quot;:&quot;flex-start&quot;}\" ><div class=\"bannerpage siteorigin-panels-stretch panel-row-style panel-row-style-for-gb402-69f74223027ec-0\" data-stretch-type=\"full-width-stretch\" ><div id=\"pgc-gb402-69f74223027ec-0-0\"  class=\"panel-grid-cell\"  data-weight=\"1\" ><div id=\"panel-gb402-69f74223027ec-0-0-0\" class=\"so-panel widget widget_sow-editor panel-first-child\" data-index=\"0\" data-style=\"{&quot;background_image_attachment&quot;:false,&quot;background_display&quot;:&quot;tile&quot;}\" ><div\n\t\t\t\n\t\t\tclass=\"so-widget-sow-editor so-widget-sow-editor-base\"\n\t\t\t\n\t\t>\n<div class=\"siteorigin-widget-tinymce textwidget\">\n\t<div id=\"metaslider-id-139\" style=\"width: 100%;\" class=\"ml-slider-3-90-1 metaslider metaslider-flex metaslider-139 ml-slider ms-theme-default nav-hidden\" role=\"region\" aria-roledescription=\"Slideshow\" aria-label=\"Psychologische ondersteuning\">\n    <div id=\"metaslider_container_139\">\n        <div id=\"metaslider_139\">\n            <ul class='slides'>\n                <li style=\"display: block; width: 100%;\" class=\"slide-147 ms-image \" aria-roledescription=\"slide\" aria-label=\"slide-147\"><img loading=\"lazy\" decoding=\"async\" src=\"https:\/\/www.vcvh.be\/wp-content\/uploads\/2016\/06\/vcvh-psychologische-ondersteuning-1900x500.jpg\" height=\"500\" width=\"1900\" alt=\"\" class=\"slider-139 slide-147\" title=\"vcvh-psychologische-ondersteuning\" \/><\/li>\n            <\/ul>\n        <\/div>\n        \n    <\/div>\n<\/div>\n<\/div>\n<\/div><\/div><div id=\"panel-gb402-69f74223027ec-0-0-1\" class=\"so-panel widget widget_sow-editor panel-last-child\" data-index=\"1\" data-style=\"{&quot;class&quot;:&quot;overlay&quot;,&quot;background_image_attachment&quot;:false,&quot;background_display&quot;:&quot;tile&quot;,&quot;background_image_size&quot;:&quot;full&quot;,&quot;background_image_opacity&quot;:&quot;100&quot;,&quot;border_thickness&quot;:&quot;1px&quot;}\" ><div class=\"overlay panel-widget-style panel-widget-style-for-gb402-69f74223027ec-0-0-1\" ><div\n\t\t\t\n\t\t\tclass=\"so-widget-sow-editor so-widget-sow-editor-base\"\n\t\t\t\n\t\t>\n<div class=\"siteorigin-widget-tinymce textwidget\">\n\t<h1 style=\"text-align: center;\"><b>Employee Assistance Program (EAP)<\/b><\/h1>\n<\/div>\n<\/div><\/div><\/div><\/div><\/div><\/div><div id=\"pg-gb402-69f74223027ec-1\"  class=\"panel-grid panel-has-style\"  data-style=\"{&quot;class&quot;:&quot;rij1_dienst rij1&quot;,&quot;background_image_attachment&quot;:false,&quot;background_display&quot;:&quot;tile&quot;,&quot;full_height&quot;:&quot;&quot;,&quot;cell_alignment&quot;:&quot;flex-start&quot;}\" ><div class=\"rij1_dienst rij1 panel-row-style panel-row-style-for-gb402-69f74223027ec-1\" ><div id=\"pgc-gb402-69f74223027ec-1-0\"  class=\"panel-grid-cell\"  data-style=\"{&quot;background_image_attachment&quot;:false,&quot;background_display&quot;:&quot;tile&quot;,&quot;vertical_alignment&quot;:&quot;auto&quot;}\"  data-weight=\"0.4\" ><div id=\"panel-gb402-69f74223027ec-1-0-0\" class=\"so-panel widget widget_sow-editor panel-first-child panel-last-child\" data-index=\"2\" data-style=\"{&quot;background_image_attachment&quot;:false,&quot;background_display&quot;:&quot;tile&quot;,&quot;background_image_size&quot;:&quot;full&quot;,&quot;background_image_opacity&quot;:&quot;100&quot;,&quot;border_thickness&quot;:&quot;1px&quot;}\" ><div\n\t\t\t\n\t\t\tclass=\"so-widget-sow-editor so-widget-sow-editor-base\"\n\t\t\t\n\t\t>\n<div class=\"siteorigin-widget-tinymce textwidget\">\n\t<h2>Employee Assistance Program<\/h2>\n<\/div>\n<\/div><\/div><\/div><div id=\"pgc-gb402-69f74223027ec-1-1\"  class=\"panel-grid-cell\"  data-weight=\"0.6\" ><div id=\"panel-gb402-69f74223027ec-1-1-0\" class=\"so-panel widget widget_sow-editor panel-first-child panel-last-child\" data-index=\"3\" data-style=\"{&quot;background_image_attachment&quot;:false,&quot;background_display&quot;:&quot;tile&quot;,&quot;background_image_size&quot;:&quot;full&quot;,&quot;background_image_opacity&quot;:&quot;100&quot;,&quot;border_thickness&quot;:&quot;1px&quot;}\" ><div\n\t\t\t\n\t\t\tclass=\"so-widget-sow-editor so-widget-sow-editor-base\"\n\t\t\t\n\t\t>\n<div class=\"siteorigin-widget-tinymce textwidget\">\n\t<p>Reconnu pour son expertise dans la communication de mauvaises nouvelles ainsi que l&rsquo;accompagnement des familles apr\u00e8s des accidents du travail mortels ou engageant le pronostic vital, le centre d&rsquo;aide psychosociale V.C.V.H \u00e9tend ses services.<\/p>\n<p>Nous proposons d\u00e9sormais un <strong>Employee Assistance Program (EAP)<\/strong>, qui permet aux salari\u00e9s et salari\u00e9s de b\u00e9n\u00e9ficier \u00e9galement d&rsquo;un soutien pour des probl\u00e8mes d&rsquo;ordre priv\u00e9. Il s&rsquo;agit d&rsquo;une valeur ajout\u00e9e aux services de votre SEPPT. Pour en savoir plus : \u00e9crivez-nous \u00e0 <a href=\"mailto:info@vcvh.be\">info@vcvh.be<\/a> ou via notre formulaire de contact.<\/p>\n<\/div>\n<\/div><\/div><\/div><\/div><\/div><\/div>","protected":false},"excerpt":{"rendered":"<p>Employee Assistance Program (EAP) Employee Assistance Program Reconnu pour son expertise dans la communication de mauvaises nouvelles ainsi que l&rsquo;accompagnement des familles apr\u00e8s des accidents du travail mortels ou engageant le pronostic vital, le centre d&rsquo;aide psychosociale V.C.V.H \u00e9tend ses services. Nous proposons d\u00e9sormais un Employee Assistance Program (EAP), qui permet aux salari\u00e9s et salari\u00e9s [&hellip;]<\/p>\n","protected":false},"author":1,"featured_media":0,"parent":396,"menu_order":0,"comment_status":"closed","ping_status":"closed","template":"","meta":{"footnotes":""},"class_list":["post-402","page","type-page","status-publish","hentry"],"yoast_head":"<!-- This site is optimized with the Yoast SEO plugin v23.2 - https:\/\/yoast.com\/wordpress\/plugins\/seo\/ -->\n<title>Employee Assistance Program (EAP) - V.C.V.H.<\/title>\n<meta name=\"robots\" content=\"index, follow, max-snippet:-1, max-image-preview:large, max-video-preview:-1\" \/>\n<link rel=\"canonical\" href=\"https:\/\/www.vcvh.be\/fr\/nos-services\/employee-assistance-program-eap\/\" \/>\n<meta property=\"og:locale\" content=\"fr_FR\" \/>\n<meta property=\"og:type\" content=\"article\" \/>\n<meta property=\"og:title\" content=\"Employee Assistance Program (EAP) - V.C.V.H.\" \/>\n<meta property=\"og:description\" content=\"Employee Assistance Program (EAP) Employee Assistance Program Reconnu pour son expertise dans la communication de mauvaises nouvelles ainsi que l&#039;accompagnement des familles apr\u00e8s des accidents du travail mortels ou engageant le pronostic vital, le centre d&#039;aide psychosociale V.C.V.H \u00e9tend ses services. Nous proposons d\u00e9sormais un Employee Assistance Program (EAP), qui permet aux salari\u00e9s et salari\u00e9s [&hellip;]\" \/>\n<meta property=\"og:url\" content=\"https:\/\/www.vcvh.be\/fr\/nos-services\/employee-assistance-program-eap\/\" \/>\n<meta property=\"og:site_name\" content=\"V.C.V.H.\" \/>\n<meta property=\"article:modified_time\" content=\"2026-03-18T19:35:21+00:00\" \/>\n<meta name=\"twitter:card\" content=\"summary_large_image\" \/>\n<meta name=\"twitter:label1\" content=\"Dur\u00e9e de lecture estim\u00e9e\" \/>\n\t<meta name=\"twitter:data1\" content=\"1 minute\" \/>\n<script type=\"application\/ld+json\" class=\"yoast-schema-graph\">{\"@context\":\"https:\/\/schema.org\",\"@graph\":[{\"@type\":\"WebPage\",\"@id\":\"https:\/\/www.vcvh.be\/fr\/nos-services\/employee-assistance-program-eap\/\",\"url\":\"https:\/\/www.vcvh.be\/fr\/nos-services\/employee-assistance-program-eap\/\",\"name\":\"Employee Assistance Program (EAP) - V.C.V.H.\",\"isPartOf\":{\"@id\":\"https:\/\/www.vcvh.be\/fr\/#website\"},\"datePublished\":\"2024-12-18T08:34:43+00:00\",\"dateModified\":\"2026-03-18T19:35:21+00:00\",\"breadcrumb\":{\"@id\":\"https:\/\/www.vcvh.be\/fr\/nos-services\/employee-assistance-program-eap\/#breadcrumb\"},\"inLanguage\":\"fr-FR\",\"potentialAction\":[{\"@type\":\"ReadAction\",\"target\":[\"https:\/\/www.vcvh.be\/fr\/nos-services\/employee-assistance-program-eap\/\"]}]},{\"@type\":\"BreadcrumbList\",\"@id\":\"https:\/\/www.vcvh.be\/fr\/nos-services\/employee-assistance-program-eap\/#breadcrumb\",\"itemListElement\":[{\"@type\":\"ListItem\",\"position\":1,\"name\":\"Home\",\"item\":\"https:\/\/www.vcvh.be\/fr\/\"},{\"@type\":\"ListItem\",\"position\":2,\"name\":\"Nos services\",\"item\":\"https:\/\/www.vcvh.be\/fr\/nos-services\/\"},{\"@type\":\"ListItem\",\"position\":3,\"name\":\"Employee Assistance Program (EAP)\"}]},{\"@type\":\"WebSite\",\"@id\":\"https:\/\/www.vcvh.be\/fr\/#website\",\"url\":\"https:\/\/www.vcvh.be\/fr\/\",\"name\":\"V.C.V.H.\",\"description\":\"\",\"potentialAction\":[{\"@type\":\"SearchAction\",\"target\":{\"@type\":\"EntryPoint\",\"urlTemplate\":\"https:\/\/www.vcvh.be\/fr\/?s={search_term_string}\"},\"query-input\":\"required name=search_term_string\"}],\"inLanguage\":\"fr-FR\"}]}<\/script>\n<!-- \/ Yoast SEO plugin. -->","yoast_head_json":{"title":"Employee Assistance Program (EAP) - V.C.V.H.","robots":{"index":"index","follow":"follow","max-snippet":"max-snippet:-1","max-image-preview":"max-image-preview:large","max-video-preview":"max-video-preview:-1"},"canonical":"https:\/\/www.vcvh.be\/fr\/nos-services\/employee-assistance-program-eap\/","og_locale":"fr_FR","og_type":"article","og_title":"Employee Assistance Program (EAP) - V.C.V.H.","og_description":"Employee Assistance Program (EAP) Employee Assistance Program Reconnu pour son expertise dans la communication de mauvaises nouvelles ainsi que l'accompagnement des familles apr\u00e8s des accidents du travail mortels ou engageant le pronostic vital, le centre d'aide psychosociale V.C.V.H \u00e9tend ses services. Nous proposons d\u00e9sormais un Employee Assistance Program (EAP), qui permet aux salari\u00e9s et salari\u00e9s [&hellip;]","og_url":"https:\/\/www.vcvh.be\/fr\/nos-services\/employee-assistance-program-eap\/","og_site_name":"V.C.V.H.","article_modified_time":"2026-03-18T19:35:21+00:00","twitter_card":"summary_large_image","twitter_misc":{"Dur\u00e9e de lecture estim\u00e9e":"1 minute"},"schema":{"@context":"https:\/\/schema.org","@graph":[{"@type":"WebPage","@id":"https:\/\/www.vcvh.be\/fr\/nos-services\/employee-assistance-program-eap\/","url":"https:\/\/www.vcvh.be\/fr\/nos-services\/employee-assistance-program-eap\/","name":"Employee Assistance Program (EAP) - V.C.V.H.","isPartOf":{"@id":"https:\/\/www.vcvh.be\/fr\/#website"},"datePublished":"2024-12-18T08:34:43+00:00","dateModified":"2026-03-18T19:35:21+00:00","breadcrumb":{"@id":"https:\/\/www.vcvh.be\/fr\/nos-services\/employee-assistance-program-eap\/#breadcrumb"},"inLanguage":"fr-FR","potentialAction":[{"@type":"ReadAction","target":["https:\/\/www.vcvh.be\/fr\/nos-services\/employee-assistance-program-eap\/"]}]},{"@type":"BreadcrumbList","@id":"https:\/\/www.vcvh.be\/fr\/nos-services\/employee-assistance-program-eap\/#breadcrumb","itemListElement":[{"@type":"ListItem","position":1,"name":"Home","item":"https:\/\/www.vcvh.be\/fr\/"},{"@type":"ListItem","position":2,"name":"Nos services","item":"https:\/\/www.vcvh.be\/fr\/nos-services\/"},{"@type":"ListItem","position":3,"name":"Employee Assistance Program (EAP)"}]},{"@type":"WebSite","@id":"https:\/\/www.vcvh.be\/fr\/#website","url":"https:\/\/www.vcvh.be\/fr\/","name":"V.C.V.H.","description":"","potentialAction":[{"@type":"SearchAction","target":{"@type":"EntryPoint","urlTemplate":"https:\/\/www.vcvh.be\/fr\/?s={search_term_string}"},"query-input":"required name=search_term_string"}],"inLanguage":"fr-FR"}]}},"_links":{"self":[{"href":"https:\/\/www.vcvh.be\/fr\/wp-json\/wp\/v2\/pages\/402"}],"collection":[{"href":"https:\/\/www.vcvh.be\/fr\/wp-json\/wp\/v2\/pages"}],"about":[{"href":"https:\/\/www.vcvh.be\/fr\/wp-json\/wp\/v2\/types\/page"}],"author":[{"embeddable":true,"href":"https:\/\/www.vcvh.be\/fr\/wp-json\/wp\/v2\/users\/1"}],"replies":[{"embeddable":true,"href":"https:\/\/www.vcvh.be\/fr\/wp-json\/wp\/v2\/comments?post=402"}],"version-history":[{"count":2,"href":"https:\/\/www.vcvh.be\/fr\/wp-json\/wp\/v2\/pages\/402\/revisions"}],"predecessor-version":[{"id":430,"href":"https:\/\/www.vcvh.be\/fr\/wp-json\/wp\/v2\/pages\/402\/revisions\/430"}],"up":[{"embeddable":true,"href":"https:\/\/www.vcvh.be\/fr\/wp-json\/wp\/v2\/pages\/396"}],"wp:attachment":[{"href":"https:\/\/www.vcvh.be\/fr\/wp-json\/wp\/v2\/media?parent=402"}],"curies":[{"name":"wp","href":"https:\/\/api.w.org\/{rel}","templated":true}]}}