{"id":398,"date":"2019-03-04T12:42:56","date_gmt":"2019-03-04T11:42:56","guid":{"rendered":"https:\/\/www.vcvh.be\/?page_id=398"},"modified":"2026-03-18T20:00:01","modified_gmt":"2026-03-18T19:00:01","slug":"communication-dune-mauvaise-nouvelle","status":"publish","type":"page","link":"https:\/\/www.vcvh.be\/fr\/nos-services\/communication-dune-mauvaise-nouvelle\/","title":{"rendered":"Communication d\u2019une mauvaise nouvelle"},"content":{"rendered":"<div id=\"pl-gb398-69f743cb51cda\"  class=\"panel-layout\" ><div id=\"pg-gb398-69f743cb51cda-0\"  class=\"panel-grid panel-has-style\"  data-style=\"{&quot;class&quot;:&quot;bannerpage&quot;,&quot;background_image_attachment&quot;:false,&quot;background_display&quot;:&quot;tile&quot;,&quot;full_height&quot;:&quot;&quot;,&quot;row_stretch&quot;:&quot;full-width-stretch&quot;,&quot;cell_alignment&quot;:&quot;flex-start&quot;}\" ><div class=\"bannerpage siteorigin-panels-stretch panel-row-style panel-row-style-for-gb398-69f743cb51cda-0\" data-stretch-type=\"full-width-stretch\" ><div id=\"pgc-gb398-69f743cb51cda-0-0\"  class=\"panel-grid-cell\"  data-weight=\"1\" ><div id=\"panel-gb398-69f743cb51cda-0-0-0\" class=\"so-panel widget widget_sow-editor panel-first-child\" data-index=\"0\" data-style=\"{&quot;background_image_attachment&quot;:false,&quot;background_display&quot;:&quot;tile&quot;}\" ><div\n\t\t\t\n\t\t\tclass=\"so-widget-sow-editor so-widget-sow-editor-base\"\n\t\t\t\n\t\t>\n<div class=\"siteorigin-widget-tinymce textwidget\">\n\t<div id=\"metaslider-id-138\" style=\"width: 100%;\" class=\"ml-slider-3-90-1 metaslider metaslider-flex metaslider-138 ml-slider ms-theme-default nav-hidden\" role=\"region\" aria-roledescription=\"Slideshow\" aria-label=\"Slechtnieuwsmelding\">\n    <div id=\"metaslider_container_138\">\n        <div id=\"metaslider_138\">\n            <ul class='slides'>\n                <li style=\"display: block; width: 100%;\" class=\"slide-149 ms-image \" aria-roledescription=\"slide\" aria-label=\"slide-149\"><img loading=\"lazy\" decoding=\"async\" src=\"https:\/\/www.vcvh.be\/wp-content\/uploads\/2016\/06\/Slechtnieuwsmelding-vcvh-1900x500.jpg\" height=\"500\" width=\"1900\" alt=\"Slechtnieuwsmelding en opvang van familie en werknemers\" class=\"slider-138 slide-149\" \/><\/li>\n            <\/ul>\n        <\/div>\n        \n    <\/div>\n<\/div>\n<\/div>\n<\/div><\/div><div id=\"panel-gb398-69f743cb51cda-0-0-1\" class=\"so-panel widget widget_sow-editor panel-last-child\" data-index=\"1\" data-style=\"{&quot;class&quot;:&quot;overlay&quot;,&quot;background_image_attachment&quot;:false,&quot;background_display&quot;:&quot;tile&quot;,&quot;background_image_size&quot;:&quot;full&quot;,&quot;background_image_opacity&quot;:&quot;100&quot;,&quot;border_thickness&quot;:&quot;1px&quot;}\" ><div class=\"overlay panel-widget-style panel-widget-style-for-gb398-69f743cb51cda-0-0-1\" ><div\n\t\t\t\n\t\t\tclass=\"so-widget-sow-editor so-widget-sow-editor-base\"\n\t\t\t\n\t\t>\n<div class=\"siteorigin-widget-tinymce textwidget\">\n\t<h1 style=\"text-align: center;\">Une annonce adapt\u00e9e et une prise en charge de la famille et des membres du personnel <\/h1>\n<\/div>\n<\/div><\/div><\/div><\/div><\/div><\/div><div id=\"pg-gb398-69f743cb51cda-1\"  class=\"panel-grid panel-has-style\"  data-style=\"{&quot;class&quot;:&quot;rij1_dienst rij1&quot;,&quot;background_image_attachment&quot;:false,&quot;background_display&quot;:&quot;tile&quot;,&quot;full_height&quot;:&quot;&quot;,&quot;cell_alignment&quot;:&quot;flex-start&quot;}\" ><div class=\"rij1_dienst rij1 panel-row-style panel-row-style-for-gb398-69f743cb51cda-1\" ><div id=\"pgc-gb398-69f743cb51cda-1-0\"  class=\"panel-grid-cell\"  data-weight=\"0.4\" ><div id=\"panel-gb398-69f743cb51cda-1-0-0\" class=\"so-panel widget widget_sow-editor panel-first-child panel-last-child\" data-index=\"2\" data-style=\"{&quot;background_image_attachment&quot;:false,&quot;background_display&quot;:&quot;tile&quot;,&quot;background_image_size&quot;:&quot;full&quot;,&quot;background_image_opacity&quot;:&quot;100&quot;,&quot;border_thickness&quot;:&quot;1px&quot;}\" ><div\n\t\t\t\n\t\t\tclass=\"so-widget-sow-editor so-widget-sow-editor-base\"\n\t\t\t\n\t\t>\n<div class=\"siteorigin-widget-tinymce textwidget\">\n\t<h2>Communication d\u2019une mauvaise nouvelle<\/h2>\n<\/div>\n<\/div><\/div><\/div><div id=\"pgc-gb398-69f743cb51cda-1-1\"  class=\"panel-grid-cell\"  data-weight=\"0.6\" ><div id=\"panel-gb398-69f743cb51cda-1-1-0\" class=\"so-panel widget widget_sow-editor panel-first-child panel-last-child\" data-index=\"3\" data-style=\"{&quot;widget_css&quot;:&quot;max-width: 900px;\\nmargin: auto;&quot;,&quot;background_image_attachment&quot;:false,&quot;background_display&quot;:&quot;tile&quot;,&quot;background_image_size&quot;:&quot;full&quot;,&quot;background_image_opacity&quot;:&quot;100&quot;,&quot;border_thickness&quot;:&quot;1px&quot;}\" ><div class=\"panel-widget-style panel-widget-style-for-gb398-69f743cb51cda-1-1-0\" ><div\n\t\t\t\n\t\t\tclass=\"so-widget-sow-editor so-widget-sow-editor-base\"\n\t\t\t\n\t\t>\n<div class=\"siteorigin-widget-tinymce textwidget\">\n\t<p>En cas <strong>d&rsquo;accident du travail mortel ou engageant<\/strong> le pronostic vital, le V.C.V.H. assure, depuis plusieurs ann\u00e9es, une annonce claire et correcte de l\u2019\u00e9v\u00e9nement ainsi que l&rsquo;accompagnement de la famille et des membres du personnel. Nous restons \u00e9galement disponibles durant les mois qui suivent, afin de laisser place aux \u00e9motions que chacun ou chacune peut ressentir. Et si n\u00e9cessaire, nous orientons vers des sp\u00e9cialistes.<\/p>\n<\/div>\n<\/div><\/div><\/div><\/div><\/div><\/div><div id=\"pg-gb398-69f743cb51cda-2\"  class=\"panel-grid panel-has-style\"  data-style=\"{&quot;class&quot;:&quot;rij2_dienst rij2&quot;,&quot;background&quot;:&quot;#efefef&quot;,&quot;background_image_attachment&quot;:false,&quot;background_display&quot;:&quot;fixed&quot;,&quot;full_height&quot;:&quot;&quot;,&quot;row_stretch&quot;:&quot;full&quot;,&quot;cell_alignment&quot;:&quot;flex-start&quot;}\" ><div class=\"rij2_dienst rij2 siteorigin-panels-stretch panel-row-style panel-row-style-for-gb398-69f743cb51cda-2\" data-stretch-type=\"full\" ><div id=\"pgc-gb398-69f743cb51cda-2-0\"  class=\"panel-grid-cell\"  data-weight=\"1\" ><div id=\"panel-gb398-69f743cb51cda-2-0-0\" class=\"so-panel widget widget_sow-editor panel-first-child panel-last-child\" data-index=\"4\" data-style=\"{&quot;background_image_attachment&quot;:false,&quot;background_display&quot;:&quot;tile&quot;,&quot;background_image_size&quot;:&quot;full&quot;,&quot;background_image_opacity&quot;:&quot;100&quot;,&quot;border_thickness&quot;:&quot;1px&quot;}\" ><div\n\t\t\t\n\t\t\tclass=\"so-widget-sow-editor so-widget-sow-editor-base\"\n\t\t\t\n\t\t>\n<div class=\"siteorigin-widget-tinymce textwidget\">\n\t<h2 style=\"text-align: center;\">Nous jouons un r\u00f4le d\u2019interm\u00e9diaire entre la famille et l&#8217;employeur:<\/h2>\n<ul>\n<li style=\"text-align: center;\">Feedback sur l&rsquo;\u00e9tat de la victime<\/li>\n<li style=\"text-align: center;\">Questions administratives de la famillee<\/li>\n<li style=\"text-align: center;\">Visite du lieu de l&rsquo;accident<\/li>\n<li style=\"text-align: center;\">Dispositions relatives aux fun\u00e9railles<\/li>\n<li style=\"text-align: center;\">Organisation d\u2019une c\u00e9r\u00e9monie d&rsquo;adieu, etc.<\/li>\n<\/ul>\n<\/div>\n<\/div><\/div><\/div><\/div><\/div><\/div>","protected":false},"excerpt":{"rendered":"<p>Une annonce adapt\u00e9e et une prise en charge de la famille et des membres du personnel Communication d\u2019une mauvaise nouvelle En cas d&rsquo;accident du travail mortel ou engageant le pronostic vital, le V.C.V.H. assure, depuis plusieurs ann\u00e9es, une annonce claire et correcte de l\u2019\u00e9v\u00e9nement ainsi que l&rsquo;accompagnement de la famille et des membres du personnel. [&hellip;]<\/p>\n","protected":false},"author":1,"featured_media":0,"parent":396,"menu_order":0,"comment_status":"closed","ping_status":"closed","template":"","meta":{"footnotes":""},"class_list":["post-398","page","type-page","status-publish","hentry"],"yoast_head":"<!-- This site is optimized with the Yoast SEO plugin v23.2 - https:\/\/yoast.com\/wordpress\/plugins\/seo\/ -->\n<title>Communication d\u2019une mauvaise nouvelle - V.C.V.H.<\/title>\n<meta name=\"robots\" content=\"index, follow, max-snippet:-1, max-image-preview:large, max-video-preview:-1\" \/>\n<link rel=\"canonical\" href=\"https:\/\/www.vcvh.be\/fr\/nos-services\/communication-dune-mauvaise-nouvelle\/\" \/>\n<meta property=\"og:locale\" content=\"fr_FR\" \/>\n<meta property=\"og:type\" content=\"article\" \/>\n<meta property=\"og:title\" content=\"Communication d\u2019une mauvaise nouvelle - V.C.V.H.\" \/>\n<meta property=\"og:description\" content=\"Une annonce adapt\u00e9e et une prise en charge de la famille et des membres du personnel Communication d\u2019une mauvaise nouvelle En cas d&#039;accident du travail mortel ou engageant le pronostic vital, le V.C.V.H. assure, depuis plusieurs ann\u00e9es, une annonce claire et correcte de l\u2019\u00e9v\u00e9nement ainsi que l&#039;accompagnement de la famille et des membres du personnel. [&hellip;]\" \/>\n<meta property=\"og:url\" content=\"https:\/\/www.vcvh.be\/fr\/nos-services\/communication-dune-mauvaise-nouvelle\/\" \/>\n<meta property=\"og:site_name\" content=\"V.C.V.H.\" \/>\n<meta property=\"article:modified_time\" content=\"2026-03-18T19:00:01+00:00\" \/>\n<meta name=\"twitter:card\" content=\"summary_large_image\" \/>\n<meta name=\"twitter:label1\" content=\"Dur\u00e9e de lecture estim\u00e9e\" \/>\n\t<meta name=\"twitter:data1\" content=\"1 minute\" \/>\n<script type=\"application\/ld+json\" class=\"yoast-schema-graph\">{\"@context\":\"https:\/\/schema.org\",\"@graph\":[{\"@type\":\"WebPage\",\"@id\":\"https:\/\/www.vcvh.be\/fr\/nos-services\/communication-dune-mauvaise-nouvelle\/\",\"url\":\"https:\/\/www.vcvh.be\/fr\/nos-services\/communication-dune-mauvaise-nouvelle\/\",\"name\":\"Communication d\u2019une mauvaise nouvelle - V.C.V.H.\",\"isPartOf\":{\"@id\":\"https:\/\/www.vcvh.be\/fr\/#website\"},\"datePublished\":\"2019-03-04T11:42:56+00:00\",\"dateModified\":\"2026-03-18T19:00:01+00:00\",\"breadcrumb\":{\"@id\":\"https:\/\/www.vcvh.be\/fr\/nos-services\/communication-dune-mauvaise-nouvelle\/#breadcrumb\"},\"inLanguage\":\"fr-FR\",\"potentialAction\":[{\"@type\":\"ReadAction\",\"target\":[\"https:\/\/www.vcvh.be\/fr\/nos-services\/communication-dune-mauvaise-nouvelle\/\"]}]},{\"@type\":\"BreadcrumbList\",\"@id\":\"https:\/\/www.vcvh.be\/fr\/nos-services\/communication-dune-mauvaise-nouvelle\/#breadcrumb\",\"itemListElement\":[{\"@type\":\"ListItem\",\"position\":1,\"name\":\"Home\",\"item\":\"https:\/\/www.vcvh.be\/fr\/\"},{\"@type\":\"ListItem\",\"position\":2,\"name\":\"Nos services\",\"item\":\"https:\/\/www.vcvh.be\/fr\/nos-services\/\"},{\"@type\":\"ListItem\",\"position\":3,\"name\":\"Communication d\u2019une mauvaise nouvelle\"}]},{\"@type\":\"WebSite\",\"@id\":\"https:\/\/www.vcvh.be\/fr\/#website\",\"url\":\"https:\/\/www.vcvh.be\/fr\/\",\"name\":\"V.C.V.H.\",\"description\":\"\",\"potentialAction\":[{\"@type\":\"SearchAction\",\"target\":{\"@type\":\"EntryPoint\",\"urlTemplate\":\"https:\/\/www.vcvh.be\/fr\/?s={search_term_string}\"},\"query-input\":\"required name=search_term_string\"}],\"inLanguage\":\"fr-FR\"}]}<\/script>\n<!-- \/ Yoast SEO plugin. -->","yoast_head_json":{"title":"Communication d\u2019une mauvaise nouvelle - V.C.V.H.","robots":{"index":"index","follow":"follow","max-snippet":"max-snippet:-1","max-image-preview":"max-image-preview:large","max-video-preview":"max-video-preview:-1"},"canonical":"https:\/\/www.vcvh.be\/fr\/nos-services\/communication-dune-mauvaise-nouvelle\/","og_locale":"fr_FR","og_type":"article","og_title":"Communication d\u2019une mauvaise nouvelle - V.C.V.H.","og_description":"Une annonce adapt\u00e9e et une prise en charge de la famille et des membres du personnel Communication d\u2019une mauvaise nouvelle En cas d'accident du travail mortel ou engageant le pronostic vital, le V.C.V.H. assure, depuis plusieurs ann\u00e9es, une annonce claire et correcte de l\u2019\u00e9v\u00e9nement ainsi que l'accompagnement de la famille et des membres du personnel. [&hellip;]","og_url":"https:\/\/www.vcvh.be\/fr\/nos-services\/communication-dune-mauvaise-nouvelle\/","og_site_name":"V.C.V.H.","article_modified_time":"2026-03-18T19:00:01+00:00","twitter_card":"summary_large_image","twitter_misc":{"Dur\u00e9e de lecture estim\u00e9e":"1 minute"},"schema":{"@context":"https:\/\/schema.org","@graph":[{"@type":"WebPage","@id":"https:\/\/www.vcvh.be\/fr\/nos-services\/communication-dune-mauvaise-nouvelle\/","url":"https:\/\/www.vcvh.be\/fr\/nos-services\/communication-dune-mauvaise-nouvelle\/","name":"Communication d\u2019une mauvaise nouvelle - V.C.V.H.","isPartOf":{"@id":"https:\/\/www.vcvh.be\/fr\/#website"},"datePublished":"2019-03-04T11:42:56+00:00","dateModified":"2026-03-18T19:00:01+00:00","breadcrumb":{"@id":"https:\/\/www.vcvh.be\/fr\/nos-services\/communication-dune-mauvaise-nouvelle\/#breadcrumb"},"inLanguage":"fr-FR","potentialAction":[{"@type":"ReadAction","target":["https:\/\/www.vcvh.be\/fr\/nos-services\/communication-dune-mauvaise-nouvelle\/"]}]},{"@type":"BreadcrumbList","@id":"https:\/\/www.vcvh.be\/fr\/nos-services\/communication-dune-mauvaise-nouvelle\/#breadcrumb","itemListElement":[{"@type":"ListItem","position":1,"name":"Home","item":"https:\/\/www.vcvh.be\/fr\/"},{"@type":"ListItem","position":2,"name":"Nos services","item":"https:\/\/www.vcvh.be\/fr\/nos-services\/"},{"@type":"ListItem","position":3,"name":"Communication d\u2019une mauvaise nouvelle"}]},{"@type":"WebSite","@id":"https:\/\/www.vcvh.be\/fr\/#website","url":"https:\/\/www.vcvh.be\/fr\/","name":"V.C.V.H.","description":"","potentialAction":[{"@type":"SearchAction","target":{"@type":"EntryPoint","urlTemplate":"https:\/\/www.vcvh.be\/fr\/?s={search_term_string}"},"query-input":"required name=search_term_string"}],"inLanguage":"fr-FR"}]}},"_links":{"self":[{"href":"https:\/\/www.vcvh.be\/fr\/wp-json\/wp\/v2\/pages\/398"}],"collection":[{"href":"https:\/\/www.vcvh.be\/fr\/wp-json\/wp\/v2\/pages"}],"about":[{"href":"https:\/\/www.vcvh.be\/fr\/wp-json\/wp\/v2\/types\/page"}],"author":[{"embeddable":true,"href":"https:\/\/www.vcvh.be\/fr\/wp-json\/wp\/v2\/users\/1"}],"replies":[{"embeddable":true,"href":"https:\/\/www.vcvh.be\/fr\/wp-json\/wp\/v2\/comments?post=398"}],"version-history":[{"count":2,"href":"https:\/\/www.vcvh.be\/fr\/wp-json\/wp\/v2\/pages\/398\/revisions"}],"predecessor-version":[{"id":427,"href":"https:\/\/www.vcvh.be\/fr\/wp-json\/wp\/v2\/pages\/398\/revisions\/427"}],"up":[{"embeddable":true,"href":"https:\/\/www.vcvh.be\/fr\/wp-json\/wp\/v2\/pages\/396"}],"wp:attachment":[{"href":"https:\/\/www.vcvh.be\/fr\/wp-json\/wp\/v2\/media?parent=398"}],"curies":[{"name":"wp","href":"https:\/\/api.w.org\/{rel}","templated":true}]}}